{"id":12,"date":"2026-02-03T17:58:45","date_gmt":"2026-02-03T16:58:45","guid":{"rendered":"https:\/\/www.mmd25088.practicaunir.com\/?page_id=12"},"modified":"2026-02-04T21:49:14","modified_gmt":"2026-02-04T20:49:14","slug":"contacto","status":"publish","type":"page","link":"https:\/\/www.mmd25088.practicaunir.com\/?page_id=12","title":{"rendered":"Contacto"},"content":{"rendered":"\n<div class=\"wp-block-columns is-layout-flex wp-container-core-columns-is-layout-28f84493 wp-block-columns-is-layout-flex\">\n<div class=\"wp-block-column is-vertically-aligned-center is-layout-flow wp-block-column-is-layout-flow\">\n<h2 class=\"wp-block-heading\">el alma de migas<\/h2>\n\n\n\n<p>En PASTELER\u00cdA MIGAS no solo hacemos pan y dulces; creamos momentos. Nacimos con una idea sencilla: recuperar el sabor de la pasteler\u00eda de verdad, la de antes. Ejemplo de ello, es nuestro hojaldre, que se hace con mantequilla y tiempo, sin prisas.<\/p>\n\n\n\n<p class=\"has-text-align-left\">Cada ma\u00f1ana encendemos el horno pensando en ti. Desde nuestras famosas palmeritas hasta las empanadas criollas, todo lo que ves aqu\u00ed est\u00e1 amasado a mano, horneado en el d\u00eda y pensado para compartir. Porque las migas saben mejor cuando se disfrutan tranquilamente y en buena compa\u00f1\u00eda.<\/p>\n<\/div>\n\n\n\n<div class=\"wp-block-column is-layout-flow wp-block-column-is-layout-flow\">\n<figure class=\"wp-block-image size-large\"><img loading=\"lazy\" decoding=\"async\" width=\"1024\" height=\"768\" src=\"https:\/\/www.mmd25088.practicaunir.com\/wp-content\/uploads\/2026\/02\/IMG_1911-scaled-2-1024x768.jpg\" alt=\"\" class=\"wp-image-177\" srcset=\"https:\/\/www.mmd25088.practicaunir.com\/wp-content\/uploads\/2026\/02\/IMG_1911-scaled-2-1024x768.jpg 1024w, https:\/\/www.mmd25088.practicaunir.com\/wp-content\/uploads\/2026\/02\/IMG_1911-scaled-2-600x450.jpg 600w, https:\/\/www.mmd25088.practicaunir.com\/wp-content\/uploads\/2026\/02\/IMG_1911-scaled-2-300x225.jpg 300w, https:\/\/www.mmd25088.practicaunir.com\/wp-content\/uploads\/2026\/02\/IMG_1911-scaled-2-768x576.jpg 768w, https:\/\/www.mmd25088.practicaunir.com\/wp-content\/uploads\/2026\/02\/IMG_1911-scaled-2-1536x1152.jpg 1536w, https:\/\/www.mmd25088.practicaunir.com\/wp-content\/uploads\/2026\/02\/IMG_1911-scaled-2-2048x1536.jpg 2048w\" sizes=\"auto, (max-width: 1024px) 100vw, 1024px\" \/><\/figure>\n<\/div>\n<\/div>\n\n\n\n<h4 class=\"wp-block-heading\">ENCUENTRA TU PASTELER\u00cdA MIGAS MAS CERCANA<\/h4>\n\n\n\n<div class=\"wp-block-columns is-layout-flex wp-container-core-columns-is-layout-28f84493 wp-block-columns-is-layout-flex\">\n<div class=\"wp-block-column is-layout-flow wp-block-column-is-layout-flow\">\n<figure class=\"wp-block-image size-large\"><img loading=\"lazy\" decoding=\"async\" width=\"1024\" height=\"768\" src=\"https:\/\/www.mmd25088.practicaunir.com\/wp-content\/uploads\/2026\/02\/IMG_1952-scaled-1-1024x768.jpg\" alt=\"\" class=\"wp-image-178\" srcset=\"https:\/\/www.mmd25088.practicaunir.com\/wp-content\/uploads\/2026\/02\/IMG_1952-scaled-1-1024x768.jpg 1024w, https:\/\/www.mmd25088.practicaunir.com\/wp-content\/uploads\/2026\/02\/IMG_1952-scaled-1-600x450.jpg 600w, https:\/\/www.mmd25088.practicaunir.com\/wp-content\/uploads\/2026\/02\/IMG_1952-scaled-1-300x225.jpg 300w, https:\/\/www.mmd25088.practicaunir.com\/wp-content\/uploads\/2026\/02\/IMG_1952-scaled-1-768x576.jpg 768w, https:\/\/www.mmd25088.practicaunir.com\/wp-content\/uploads\/2026\/02\/IMG_1952-scaled-1-1536x1152.jpg 1536w, https:\/\/www.mmd25088.practicaunir.com\/wp-content\/uploads\/2026\/02\/IMG_1952-scaled-1-2048x1536.jpg 2048w\" sizes=\"auto, (max-width: 1024px) 100vw, 1024px\" \/><\/figure>\n\n\n\n<h6 class=\"wp-block-heading has-text-align-center\">C\/PLATINO (TORREJ\u00d3N)<\/h6>\n\n\n\n<ul class=\"wp-block-list\">\n<li class=\"has-small-font-size\"><strong>Direcci\u00f3n:<\/strong> Calle Platino, 2, 28850 Torrej\u00f3n de Ardoz, Madrid.<\/li>\n\n\n\n<li class=\"has-small-font-size\"><strong>Tel\u00e9fono:<\/strong> 910 70 24 36<\/li>\n\n\n\n<li class=\"has-small-font-size\"><strong>C\u00f3mo llegar:<\/strong> <a href=\"https:\/\/www.google.com\/search?q=https:\/\/www.google.com\/maps\/search\/%3Fapi%3D1%26query%3DPasteler%C3%ADa%2BMigas%2BCalle%2BPlatino%2B2%2BTorrej%C3%B3n%2Bde%2BArdoz\" target=\"_blank\" rel=\"noreferrer noopener\">Ver ubicaci\u00f3n en Google Maps<\/a><\/li>\n<\/ul>\n<\/div>\n\n\n\n<div class=\"wp-block-column is-layout-flow wp-block-column-is-layout-flow\">\n<figure class=\"wp-block-image size-large\"><img loading=\"lazy\" decoding=\"async\" width=\"1024\" height=\"768\" src=\"https:\/\/www.mmd25088.practicaunir.com\/wp-content\/uploads\/2026\/02\/IMG_1996-scaled-1-1024x768.jpg\" alt=\"\" class=\"wp-image-179\" srcset=\"https:\/\/www.mmd25088.practicaunir.com\/wp-content\/uploads\/2026\/02\/IMG_1996-scaled-1-1024x768.jpg 1024w, https:\/\/www.mmd25088.practicaunir.com\/wp-content\/uploads\/2026\/02\/IMG_1996-scaled-1-600x450.jpg 600w, https:\/\/www.mmd25088.practicaunir.com\/wp-content\/uploads\/2026\/02\/IMG_1996-scaled-1-300x225.jpg 300w, https:\/\/www.mmd25088.practicaunir.com\/wp-content\/uploads\/2026\/02\/IMG_1996-scaled-1-768x576.jpg 768w, https:\/\/www.mmd25088.practicaunir.com\/wp-content\/uploads\/2026\/02\/IMG_1996-scaled-1-1536x1152.jpg 1536w, https:\/\/www.mmd25088.practicaunir.com\/wp-content\/uploads\/2026\/02\/IMG_1996-scaled-1-2048x1536.jpg 2048w\" sizes=\"auto, (max-width: 1024px) 100vw, 1024px\" \/><\/figure>\n\n\n\n<h6 class=\"wp-block-heading has-text-align-center\">AV. DE LA UNI\u00d3N EUROPEA (TORREJ\u00d3N)<\/h6>\n\n\n\n<ul class=\"wp-block-list\">\n<li class=\"has-small-font-size\"><strong>Direcci\u00f3n:<\/strong> Av. de la Uni\u00f3n Europea, 5, 28850 Torrej\u00f3n de Ardoz, Madrid.<\/li>\n\n\n\n<li class=\"has-small-font-size\"><strong>Tel\u00e9fono:<\/strong> 692 88 02 51<\/li>\n\n\n\n<li class=\"has-small-font-size\"><strong>C\u00f3mo llegar:<\/strong> <a href=\"https:\/\/www.google.com\/search?q=https:\/\/www.google.com\/maps\/search\/%3Fapi%3D1%26query%3DAvenida%2Bde%2Bla%2BUni%C3%B3n%2BEuropea%2B5%2BTorrej%C3%B3n%2Bde%2BArdoz\" target=\"_blank\" rel=\"noreferrer noopener\">Ver ubicaci\u00f3n en Google Maps<\/a><\/li>\n<\/ul>\n<\/div>\n\n\n\n<div class=\"wp-block-column is-layout-flow wp-block-column-is-layout-flow\">\n<figure class=\"wp-block-image size-large\"><img loading=\"lazy\" decoding=\"async\" width=\"1024\" height=\"768\" src=\"https:\/\/www.mmd25088.practicaunir.com\/wp-content\/uploads\/2026\/02\/IMG_1981-scaled-1-1024x768.jpg\" alt=\"\" class=\"wp-image-181\" srcset=\"https:\/\/www.mmd25088.practicaunir.com\/wp-content\/uploads\/2026\/02\/IMG_1981-scaled-1-1024x768.jpg 1024w, https:\/\/www.mmd25088.practicaunir.com\/wp-content\/uploads\/2026\/02\/IMG_1981-scaled-1-600x450.jpg 600w, https:\/\/www.mmd25088.practicaunir.com\/wp-content\/uploads\/2026\/02\/IMG_1981-scaled-1-300x225.jpg 300w, https:\/\/www.mmd25088.practicaunir.com\/wp-content\/uploads\/2026\/02\/IMG_1981-scaled-1-768x576.jpg 768w, https:\/\/www.mmd25088.practicaunir.com\/wp-content\/uploads\/2026\/02\/IMG_1981-scaled-1-1536x1152.jpg 1536w, https:\/\/www.mmd25088.practicaunir.com\/wp-content\/uploads\/2026\/02\/IMG_1981-scaled-1-2048x1536.jpg 2048w\" sizes=\"auto, (max-width: 1024px) 100vw, 1024px\" \/><\/figure>\n\n\n\n<h6 class=\"wp-block-heading has-text-align-center\">C\/DE LOS \u00c1NGELES (FUENLABRADA)<\/h6>\n\n\n\n<ul class=\"wp-block-list has-small-font-size\">\n<li><strong>Direcci\u00f3n:<\/strong> Calle de los \u00c1ngeles, 2, 28944 Fuenlabrada, Madrid.<\/li>\n\n\n\n<li><strong>Tel\u00e9fono:<\/strong> 916 00 03 18<\/li>\n\n\n\n<li><strong>C\u00f3mo llegar:<\/strong> <a target=\"_blank\" rel=\"noreferrer noopener\" href=\"https:\/\/www.google.com\/search?q=https:\/\/www.google.com\/maps\/search\/%3Fapi%3D1%26query%3DPasteler%C3%ADa%2BMigas%2BCalle%2Bde%2Blos%2B%C3%81ngeles%2B2%2BFuenlabrada\">Ver ubicaci\u00f3n en Google Maps<\/a><\/li>\n<\/ul>\n<\/div>\n<\/div>\n\n\n\n<h4 class=\"wp-block-heading\">\u00a1SIGUENOS EN NUESTRAS REDES!<\/h4>\n\n\n\n<ul class=\"wp-block-social-links is-layout-flex wp-block-social-links-is-layout-flex\"><li class=\"wp-social-link wp-social-link-instagram  wp-block-social-link\"><a href=\"https:\/\/www.instagram.com\/pasteleriamigas_\/?hl=es\" class=\"wp-block-social-link-anchor\"><svg width=\"24\" height=\"24\" viewBox=\"0 0 24 24\" version=\"1.1\" xmlns=\"http:\/\/www.w3.org\/2000\/svg\" aria-hidden=\"true\" focusable=\"false\"><path d=\"M12,4.622c2.403,0,2.688,0.009,3.637,0.052c0.877,0.04,1.354,0.187,1.671,0.31c0.42,0.163,0.72,0.358,1.035,0.673 c0.315,0.315,0.51,0.615,0.673,1.035c0.123,0.317,0.27,0.794,0.31,1.671c0.043,0.949,0.052,1.234,0.052,3.637 s-0.009,2.688-0.052,3.637c-0.04,0.877-0.187,1.354-0.31,1.671c-0.163,0.42-0.358,0.72-0.673,1.035 c-0.315,0.315-0.615,0.51-1.035,0.673c-0.317,0.123-0.794,0.27-1.671,0.31c-0.949,0.043-1.233,0.052-3.637,0.052 s-2.688-0.009-3.637-0.052c-0.877-0.04-1.354-0.187-1.671-0.31c-0.42-0.163-0.72-0.358-1.035-0.673 c-0.315-0.315-0.51-0.615-0.673-1.035c-0.123-0.317-0.27-0.794-0.31-1.671C4.631,14.688,4.622,14.403,4.622,12 s0.009-2.688,0.052-3.637c0.04-0.877,0.187-1.354,0.31-1.671c0.163-0.42,0.358-0.72,0.673-1.035 c0.315-0.315,0.615-0.51,1.035-0.673c0.317-0.123,0.794-0.27,1.671-0.31C9.312,4.631,9.597,4.622,12,4.622 M12,3 C9.556,3,9.249,3.01,8.289,3.054C7.331,3.098,6.677,3.25,6.105,3.472C5.513,3.702,5.011,4.01,4.511,4.511 c-0.5,0.5-0.808,1.002-1.038,1.594C3.25,6.677,3.098,7.331,3.054,8.289C3.01,9.249,3,9.556,3,12c0,2.444,0.01,2.751,0.054,3.711 c0.044,0.958,0.196,1.612,0.418,2.185c0.23,0.592,0.538,1.094,1.038,1.594c0.5,0.5,1.002,0.808,1.594,1.038 c0.572,0.222,1.227,0.375,2.185,0.418C9.249,20.99,9.556,21,12,21s2.751-0.01,3.711-0.054c0.958-0.044,1.612-0.196,2.185-0.418 c0.592-0.23,1.094-0.538,1.594-1.038c0.5-0.5,0.808-1.002,1.038-1.594c0.222-0.572,0.375-1.227,0.418-2.185 C20.99,14.751,21,14.444,21,12s-0.01-2.751-0.054-3.711c-0.044-0.958-0.196-1.612-0.418-2.185c-0.23-0.592-0.538-1.094-1.038-1.594 c-0.5-0.5-1.002-0.808-1.594-1.038c-0.572-0.222-1.227-0.375-2.185-0.418C14.751,3.01,14.444,3,12,3L12,3z M12,7.378 c-2.552,0-4.622,2.069-4.622,4.622S9.448,16.622,12,16.622s4.622-2.069,4.622-4.622S14.552,7.378,12,7.378z M12,15 c-1.657,0-3-1.343-3-3s1.343-3,3-3s3,1.343,3,3S13.657,15,12,15z M16.804,6.116c-0.596,0-1.08,0.484-1.08,1.08 s0.484,1.08,1.08,1.08c0.596,0,1.08-0.484,1.08-1.08S17.401,6.116,16.804,6.116z\"><\/path><\/svg><span class=\"wp-block-social-link-label screen-reader-text\">Instagram<\/span><\/a><\/li>\n\n<li class=\"wp-social-link wp-social-link-facebook  wp-block-social-link\"><a href=\"https:\/\/www.facebook.com\/p\/Pasteler%C3%ADa-migas-100054413023682\/?locale=es_ES\" class=\"wp-block-social-link-anchor\"><svg width=\"24\" height=\"24\" viewBox=\"0 0 24 24\" version=\"1.1\" xmlns=\"http:\/\/www.w3.org\/2000\/svg\" aria-hidden=\"true\" focusable=\"false\"><path d=\"M12 2C6.5 2 2 6.5 2 12c0 5 3.7 9.1 8.4 9.9v-7H7.9V12h2.5V9.8c0-2.5 1.5-3.9 3.8-3.9 1.1 0 2.2.2 2.2.2v2.5h-1.3c-1.2 0-1.6.8-1.6 1.6V12h2.8l-.4 2.9h-2.3v7C18.3 21.1 22 17 22 12c0-5.5-4.5-10-10-10z\"><\/path><\/svg><span class=\"wp-block-social-link-label screen-reader-text\">Facebook<\/span><\/a><\/li><\/ul>\n\n\n\n<p><\/p>\n","protected":false},"excerpt":{"rendered":"<p>el alma de migas En PASTELER\u00cdA MIGAS no solo hacemos pan y dulces; creamos momentos. Nacimos con una idea sencilla: [&hellip;]<\/p>\n","protected":false},"author":1,"featured_media":0,"parent":0,"menu_order":0,"comment_status":"closed","ping_status":"closed","template":"","meta":{"site-sidebar-layout":"default","site-content-layout":"","ast-site-content-layout":"default","site-content-style":"default","site-sidebar-style":"default","ast-global-header-display":"","ast-banner-title-visibility":"","ast-main-header-display":"","ast-hfb-above-header-display":"","ast-hfb-below-header-display":"","ast-hfb-mobile-header-display":"","site-post-title":"disabled","ast-breadcrumbs-content":"","ast-featured-img":"","footer-sml-layout":"","ast-disable-related-posts":"","theme-transparent-header-meta":"","adv-header-id-meta":"","stick-header-meta":"","header-above-stick-meta":"","header-main-stick-meta":"","header-below-stick-meta":"","astra-migrate-meta-layouts":"default","ast-page-background-enabled":"default","ast-page-background-meta":{"desktop":{"background-color":"var(--ast-global-color-5)","background-image":"","background-repeat":"repeat","background-position":"center center","background-size":"auto","background-attachment":"scroll","background-type":"","background-media":"","overlay-type":"","overlay-color":"","overlay-opacity":"","overlay-gradient":""},"tablet":{"background-color":"","background-image":"","background-repeat":"repeat","background-position":"center center","background-size":"auto","background-attachment":"scroll","background-type":"","background-media":"","overlay-type":"","overlay-color":"","overlay-opacity":"","overlay-gradient":""},"mobile":{"background-color":"","background-image":"","background-repeat":"repeat","background-position":"center center","background-size":"auto","background-attachment":"scroll","background-type":"","background-media":"","overlay-type":"","overlay-color":"","overlay-opacity":"","overlay-gradient":""}},"ast-content-background-meta":{"desktop":{"background-color":"var(--ast-global-color-4)","background-image":"","background-repeat":"repeat","background-position":"center center","background-size":"auto","background-attachment":"scroll","background-type":"","background-media":"","overlay-type":"","overlay-color":"","overlay-opacity":"","overlay-gradient":""},"tablet":{"background-color":"var(--ast-global-color-4)","background-image":"","background-repeat":"repeat","background-position":"center center","background-size":"auto","background-attachment":"scroll","background-type":"","background-media":"","overlay-type":"","overlay-color":"","overlay-opacity":"","overlay-gradient":""},"mobile":{"background-color":"var(--ast-global-color-4)","background-image":"","background-repeat":"repeat","background-position":"center center","background-size":"auto","background-attachment":"scroll","background-type":"","background-media":"","overlay-type":"","overlay-color":"","overlay-opacity":"","overlay-gradient":""}},"footnotes":""},"class_list":["post-12","page","type-page","status-publish","hentry"],"jetpack_sharing_enabled":true,"_links":{"self":[{"href":"https:\/\/www.mmd25088.practicaunir.com\/index.php?rest_route=\/wp\/v2\/pages\/12","targetHints":{"allow":["GET"]}}],"collection":[{"href":"https:\/\/www.mmd25088.practicaunir.com\/index.php?rest_route=\/wp\/v2\/pages"}],"about":[{"href":"https:\/\/www.mmd25088.practicaunir.com\/index.php?rest_route=\/wp\/v2\/types\/page"}],"author":[{"embeddable":true,"href":"https:\/\/www.mmd25088.practicaunir.com\/index.php?rest_route=\/wp\/v2\/users\/1"}],"replies":[{"embeddable":true,"href":"https:\/\/www.mmd25088.practicaunir.com\/index.php?rest_route=%2Fwp%2Fv2%2Fcomments&post=12"}],"version-history":[{"count":2,"href":"https:\/\/www.mmd25088.practicaunir.com\/index.php?rest_route=\/wp\/v2\/pages\/12\/revisions"}],"predecessor-version":[{"id":182,"href":"https:\/\/www.mmd25088.practicaunir.com\/index.php?rest_route=\/wp\/v2\/pages\/12\/revisions\/182"}],"wp:attachment":[{"href":"https:\/\/www.mmd25088.practicaunir.com\/index.php?rest_route=%2Fwp%2Fv2%2Fmedia&parent=12"}],"curies":[{"name":"wp","href":"https:\/\/api.w.org\/{rel}","templated":true}]}}